{"id":6106,"date":"2024-12-05T18:41:27","date_gmt":"2024-12-05T18:41:27","guid":{"rendered":"https:\/\/www.zinasvillas.com\/vivez-plus-longtemps-a-zinas-villas\/"},"modified":"2025-04-01T09:24:30","modified_gmt":"2025-04-01T09:24:30","slug":"vivez-plus-longtemps-a-zinas-villas","status":"publish","type":"page","link":"https:\/\/www.zinasvillas.com\/fr\/vivez-plus-longtemps-a-zinas-villas\/","title":{"rendered":"Vivez plus longtemps \u00e0 Zinas Villas"},"content":{"rendered":"\t\t<div data-elementor-type=\"wp-page\" data-elementor-id=\"6106\" class=\"elementor elementor-6106 elementor-1578\" data-elementor-post-type=\"page\">\n\t\t\t\t<div class=\"elementor-element elementor-element-e4a496f e-flex e-con-boxed e-con e-parent\" data-id=\"e4a496f\" data-element_type=\"container\" data-e-type=\"container\">\n\t\t\t\t\t<div class=\"e-con-inner\">\n\t\t\t\t<div class=\"elementor-element elementor-element-09d4a4b elementor-widget elementor-widget-heading\" data-id=\"09d4a4b\" data-element_type=\"widget\" data-e-type=\"widget\" data-widget_type=\"heading.default\">\n\t\t\t\t<div class=\"elementor-widget-container\">\n\t\t\t\t\t<h2 class=\"elementor-heading-title elementor-size-default\">VIVEZ PLUS LONGTEMPS DANS LES VILLAS ZINAS<\/h2>\t\t\t\t<\/div>\n\t\t\t\t<\/div>\n\t\t\t\t\t<\/div>\n\t\t\t\t<\/div>\n\t\t<div class=\"elementor-element elementor-element-a877881 e-flex e-con-boxed e-con e-parent\" data-id=\"a877881\" data-element_type=\"container\" data-e-type=\"container\">\n\t\t\t\t\t<div class=\"e-con-inner\">\n\t\t\t\t<div class=\"elementor-element elementor-element-d76ba09 elementor-widget elementor-widget-text-editor\" data-id=\"d76ba09\" data-element_type=\"widget\" data-e-type=\"widget\" data-widget_type=\"text-editor.default\">\n\t\t\t\t<div class=\"elementor-widget-container\">\n\t\t\t\t\t\t\t\t\t<p style=\"text-align: center;\">Profitez d&rsquo;un s\u00e9jour enrichissant dans la destination ultime de sant\u00e9 et de bien-\u00eatre ZINAS VILLAS Complex of Villas and Resort , <a href=\"https:\/\/www.longevityalvor.com\/en\/children-policy\/\"><strong>exclusivement pour les adultes<\/strong><\/a>ZINAS VILLAS est un complexe de villas et de complexes h\u00f4teliers exclusivement r\u00e9serv\u00e9 aux adultes, o\u00f9 votre sant\u00e9 et votre confort sont au centre de nos pr\u00e9occupations. Une alimentation saine et savoureuse, des th\u00e9rapies naturelles et des diagnostics innovants seront \u00e0 votre disposition pendant vos vacances en Algarve. Faites une pause consacr\u00e9e \u00e0 la sant\u00e9 et au bien-\u00eatre et repartez revigor\u00e9 pour une vie plus longue et plus saine. Notre \u00e9quipe professionnelle de m\u00e9decins sp\u00e9cialis\u00e9s dans la long\u00e9vit\u00e9 r\u00e9pondra \u00e0 tous vos besoins et \u00e0 toutes vos questions.   <\/p>\t\t\t\t\t\t\t\t<\/div>\n\t\t\t\t<\/div>\n\t\t\t\t\t<\/div>\n\t\t\t\t<\/div>\n\t\t<div class=\"elementor-element elementor-element-382d24b e-flex e-con-boxed e-con e-parent\" data-id=\"382d24b\" data-element_type=\"container\" data-e-type=\"container\">\n\t\t\t\t\t<div class=\"e-con-inner\">\n\t\t\t\t<div class=\"elementor-element elementor-element-6f6e827 elementor-widget elementor-widget-text-editor\" data-id=\"6f6e827\" data-element_type=\"widget\" data-e-type=\"widget\" data-widget_type=\"text-editor.default\">\n\t\t\t\t<div class=\"elementor-widget-container\">\n\t\t\t\t\t\t\t\t\t<p><span style=\"color: #a29062;\"><strong>Votre voyage vers une vie plus saine commence ici et maintenant.<\/strong><\/span><\/p>\t\t\t\t\t\t\t\t<\/div>\n\t\t\t\t<\/div>\n\t\t\t\t\t<\/div>\n\t\t\t\t<\/div>\n\t\t<div class=\"elementor-element elementor-element-2029368 e-flex e-con-boxed e-con e-parent\" data-id=\"2029368\" data-element_type=\"container\" data-e-type=\"container\">\n\t\t\t\t\t<div class=\"e-con-inner\">\n\t\t\t\t<div class=\"elementor-element elementor-element-a9203d5 elementor-widget elementor-widget-image\" data-id=\"a9203d5\" data-element_type=\"widget\" data-e-type=\"widget\" data-widget_type=\"image.default\">\n\t\t\t\t<div class=\"elementor-widget-container\">\n\t\t\t\t\t\t\t\t\t\t\t\t\t\t\t<img fetchpriority=\"high\" decoding=\"async\" width=\"450\" height=\"300\" src=\"https:\/\/www.zinasvillas.com\/wp-content\/uploads\/2024\/11\/yoga.jpg\" class=\"attachment-full size-full wp-image-4425\" alt=\"\" srcset=\"https:\/\/www.zinasvillas.com\/wp-content\/uploads\/2024\/11\/yoga.jpg 450w, https:\/\/www.zinasvillas.com\/wp-content\/uploads\/2024\/11\/yoga-300x200.jpg 300w\" sizes=\"(max-width: 450px) 100vw, 450px\" \/>\t\t\t\t\t\t\t\t\t\t\t\t\t\t\t<\/div>\n\t\t\t\t<\/div>\n\t\t\t\t\t<\/div>\n\t\t\t\t<\/div>\n\t\t\t\t<\/div>\n\t\t","protected":false},"excerpt":{"rendered":"<p>VIVEZ PLUS LONGTEMPS DANS LES VILLAS ZINAS Profitez d&rsquo;un s\u00e9jour enrichissant dans la destination ultime de sant\u00e9 et de bien-\u00eatre ZINAS VILLAS Complex of Villas and Resort , exclusivement pour les adultesZINAS VILLAS est un complexe de villas et de complexes h\u00f4teliers exclusivement r\u00e9serv\u00e9 aux adultes, o\u00f9 votre sant\u00e9 et votre confort sont au centre [&hellip;]<\/p>\n","protected":false},"author":1,"featured_media":0,"parent":0,"menu_order":0,"comment_status":"closed","ping_status":"closed","template":"","meta":{"site-sidebar-layout":"no-sidebar","site-content-layout":"page-builder","ast-site-content-layout":"full-width-container","site-content-style":"default","site-sidebar-style":"default","ast-global-header-display":"","ast-banner-title-visibility":"","ast-main-header-display":"","ast-hfb-above-header-display":"","ast-hfb-below-header-display":"","ast-hfb-mobile-header-display":"","site-post-title":"disabled","ast-breadcrumbs-content":"","ast-featured-img":"disabled","footer-sml-layout":"","ast-disable-related-posts":"","theme-transparent-header-meta":"","adv-header-id-meta":"","stick-header-meta":"","header-above-stick-meta":"","header-main-stick-meta":"","header-below-stick-meta":"","astra-migrate-meta-layouts":"default","ast-page-background-enabled":"default","ast-page-background-meta":{"desktop":{"background-color":"","background-image":"","background-repeat":"repeat","background-position":"center center","background-size":"auto","background-attachment":"scroll","background-type":"","background-media":"","overlay-type":"","overlay-color":"","overlay-opacity":"","overlay-gradient":""},"tablet":{"background-color":"","background-image":"","background-repeat":"repeat","background-position":"center center","background-size":"auto","background-attachment":"scroll","background-type":"","background-media":"","overlay-type":"","overlay-color":"","overlay-opacity":"","overlay-gradient":""},"mobile":{"background-color":"","background-image":"","background-repeat":"repeat","background-position":"center center","background-size":"auto","background-attachment":"scroll","background-type":"","background-media":"","overlay-type":"","overlay-color":"","overlay-opacity":"","overlay-gradient":""}},"ast-content-background-meta":{"desktop":{"background-color":"var(--ast-global-color-5)","background-image":"","background-repeat":"repeat","background-position":"center center","background-size":"auto","background-attachment":"scroll","background-type":"","background-media":"","overlay-type":"","overlay-color":"","overlay-opacity":"","overlay-gradient":""},"tablet":{"background-color":"var(--ast-global-color-5)","background-image":"","background-repeat":"repeat","background-position":"center center","background-size":"auto","background-attachment":"scroll","background-type":"","background-media":"","overlay-type":"","overlay-color":"","overlay-opacity":"","overlay-gradient":""},"mobile":{"background-color":"var(--ast-global-color-5)","background-image":"","background-repeat":"repeat","background-position":"center center","background-size":"auto","background-attachment":"scroll","background-type":"","background-media":"","overlay-type":"","overlay-color":"","overlay-opacity":"","overlay-gradient":""}},"footnotes":""},"class_list":["post-6106","page","type-page","status-publish","hentry"],"yoast_head":"<!-- This site is optimized with the Yoast SEO plugin v27.4 - https:\/\/yoast.com\/product\/yoast-seo-wordpress\/ -->\n<title>Vivez plus longtemps \u00e0 Zinas Villas - Zinas Villas<\/title>\n<meta name=\"robots\" content=\"index, follow, max-snippet:-1, max-image-preview:large, max-video-preview:-1\" \/>\n<link rel=\"canonical\" href=\"https:\/\/www.zinasvillas.com\/fr\/vivez-plus-longtemps-a-zinas-villas\/\" \/>\n<meta property=\"og:locale\" content=\"fr_FR\" \/>\n<meta property=\"og:type\" content=\"article\" \/>\n<meta property=\"og:title\" content=\"Vivez plus longtemps \u00e0 Zinas Villas - Zinas Villas\" \/>\n<meta property=\"og:description\" content=\"VIVEZ PLUS LONGTEMPS DANS LES VILLAS ZINAS Profitez d&rsquo;un s\u00e9jour enrichissant dans la destination ultime de sant\u00e9 et de bien-\u00eatre ZINAS VILLAS Complex of Villas and Resort , exclusivement pour les adultesZINAS VILLAS est un complexe de villas et de complexes h\u00f4teliers exclusivement r\u00e9serv\u00e9 aux adultes, o\u00f9 votre sant\u00e9 et votre confort sont au centre [&hellip;]\" \/>\n<meta property=\"og:url\" content=\"https:\/\/www.zinasvillas.com\/fr\/vivez-plus-longtemps-a-zinas-villas\/\" \/>\n<meta property=\"og:site_name\" content=\"Zinas Villas\" \/>\n<meta property=\"article:modified_time\" content=\"2025-04-01T09:24:30+00:00\" \/>\n<meta property=\"og:image\" content=\"https:\/\/www.zinasvillas.com\/wp-content\/uploads\/2024\/11\/yoga.jpg\" \/>\n\t<meta property=\"og:image:width\" content=\"450\" \/>\n\t<meta property=\"og:image:height\" content=\"300\" \/>\n\t<meta property=\"og:image:type\" content=\"image\/jpeg\" \/>\n<meta name=\"twitter:card\" content=\"summary_large_image\" \/>\n<meta name=\"twitter:label1\" content=\"Dur\u00e9e de lecture estim\u00e9e\" \/>\n\t<meta name=\"twitter:data1\" content=\"1 minute\" \/>\n<script type=\"application\/ld+json\" class=\"yoast-schema-graph\">{\"@context\":\"https:\\\/\\\/schema.org\",\"@graph\":[{\"@type\":\"WebPage\",\"@id\":\"https:\\\/\\\/www.zinasvillas.com\\\/fr\\\/vivez-plus-longtemps-a-zinas-villas\\\/\",\"url\":\"https:\\\/\\\/www.zinasvillas.com\\\/fr\\\/vivez-plus-longtemps-a-zinas-villas\\\/\",\"name\":\"Vivez plus longtemps \u00e0 Zinas Villas - Zinas Villas\",\"isPartOf\":{\"@id\":\"https:\\\/\\\/www.zinasvillas.com\\\/fr\\\/#website\"},\"primaryImageOfPage\":{\"@id\":\"https:\\\/\\\/www.zinasvillas.com\\\/fr\\\/vivez-plus-longtemps-a-zinas-villas\\\/#primaryimage\"},\"image\":{\"@id\":\"https:\\\/\\\/www.zinasvillas.com\\\/fr\\\/vivez-plus-longtemps-a-zinas-villas\\\/#primaryimage\"},\"thumbnailUrl\":\"https:\\\/\\\/www.zinasvillas.com\\\/wp-content\\\/uploads\\\/2024\\\/11\\\/yoga.jpg\",\"datePublished\":\"2024-12-05T18:41:27+00:00\",\"dateModified\":\"2025-04-01T09:24:30+00:00\",\"breadcrumb\":{\"@id\":\"https:\\\/\\\/www.zinasvillas.com\\\/fr\\\/vivez-plus-longtemps-a-zinas-villas\\\/#breadcrumb\"},\"inLanguage\":\"fr-FR\",\"potentialAction\":[{\"@type\":\"ReadAction\",\"target\":[\"https:\\\/\\\/www.zinasvillas.com\\\/fr\\\/vivez-plus-longtemps-a-zinas-villas\\\/\"]}]},{\"@type\":\"ImageObject\",\"inLanguage\":\"fr-FR\",\"@id\":\"https:\\\/\\\/www.zinasvillas.com\\\/fr\\\/vivez-plus-longtemps-a-zinas-villas\\\/#primaryimage\",\"url\":\"https:\\\/\\\/www.zinasvillas.com\\\/wp-content\\\/uploads\\\/2024\\\/11\\\/yoga.jpg\",\"contentUrl\":\"https:\\\/\\\/www.zinasvillas.com\\\/wp-content\\\/uploads\\\/2024\\\/11\\\/yoga.jpg\"},{\"@type\":\"BreadcrumbList\",\"@id\":\"https:\\\/\\\/www.zinasvillas.com\\\/fr\\\/vivez-plus-longtemps-a-zinas-villas\\\/#breadcrumb\",\"itemListElement\":[{\"@type\":\"ListItem\",\"position\":1,\"name\":\"Home\",\"item\":\"https:\\\/\\\/www.zinasvillas.com\\\/fr\\\/\"},{\"@type\":\"ListItem\",\"position\":2,\"name\":\"Vivez plus longtemps \u00e0 Zinas Villas\"}]},{\"@type\":\"WebSite\",\"@id\":\"https:\\\/\\\/www.zinasvillas.com\\\/fr\\\/#website\",\"url\":\"https:\\\/\\\/www.zinasvillas.com\\\/fr\\\/\",\"name\":\"Zinas Villas\",\"description\":\"Lifetime Experience\",\"publisher\":{\"@id\":\"https:\\\/\\\/www.zinasvillas.com\\\/fr\\\/#organization\"},\"potentialAction\":[{\"@type\":\"SearchAction\",\"target\":{\"@type\":\"EntryPoint\",\"urlTemplate\":\"https:\\\/\\\/www.zinasvillas.com\\\/fr\\\/?s={search_term_string}\"},\"query-input\":{\"@type\":\"PropertyValueSpecification\",\"valueRequired\":true,\"valueName\":\"search_term_string\"}}],\"inLanguage\":\"fr-FR\"},{\"@type\":\"Organization\",\"@id\":\"https:\\\/\\\/www.zinasvillas.com\\\/fr\\\/#organization\",\"name\":\"Zinas Villas\",\"url\":\"https:\\\/\\\/www.zinasvillas.com\\\/fr\\\/\",\"logo\":{\"@type\":\"ImageObject\",\"inLanguage\":\"fr-FR\",\"@id\":\"https:\\\/\\\/www.zinasvillas.com\\\/fr\\\/#\\\/schema\\\/logo\\\/image\\\/\",\"url\":\"https:\\\/\\\/www.zinasvillas.com\\\/wp-content\\\/uploads\\\/2024\\\/11\\\/logozinasvillas.png\",\"contentUrl\":\"https:\\\/\\\/www.zinasvillas.com\\\/wp-content\\\/uploads\\\/2024\\\/11\\\/logozinasvillas.png\",\"width\":322,\"height\":100,\"caption\":\"Zinas Villas\"},\"image\":{\"@id\":\"https:\\\/\\\/www.zinasvillas.com\\\/fr\\\/#\\\/schema\\\/logo\\\/image\\\/\"}}]}<\/script>\n<!-- \/ Yoast SEO plugin. -->","yoast_head_json":{"title":"Vivez plus longtemps \u00e0 Zinas Villas - Zinas Villas","robots":{"index":"index","follow":"follow","max-snippet":"max-snippet:-1","max-image-preview":"max-image-preview:large","max-video-preview":"max-video-preview:-1"},"canonical":"https:\/\/www.zinasvillas.com\/fr\/vivez-plus-longtemps-a-zinas-villas\/","og_locale":"fr_FR","og_type":"article","og_title":"Vivez plus longtemps \u00e0 Zinas Villas - Zinas Villas","og_description":"VIVEZ PLUS LONGTEMPS DANS LES VILLAS ZINAS Profitez d&rsquo;un s\u00e9jour enrichissant dans la destination ultime de sant\u00e9 et de bien-\u00eatre ZINAS VILLAS Complex of Villas and Resort , exclusivement pour les adultesZINAS VILLAS est un complexe de villas et de complexes h\u00f4teliers exclusivement r\u00e9serv\u00e9 aux adultes, o\u00f9 votre sant\u00e9 et votre confort sont au centre [&hellip;]","og_url":"https:\/\/www.zinasvillas.com\/fr\/vivez-plus-longtemps-a-zinas-villas\/","og_site_name":"Zinas Villas","article_modified_time":"2025-04-01T09:24:30+00:00","og_image":[{"width":450,"height":300,"url":"https:\/\/www.zinasvillas.com\/wp-content\/uploads\/2024\/11\/yoga.jpg","type":"image\/jpeg"}],"twitter_card":"summary_large_image","twitter_misc":{"Dur\u00e9e de lecture estim\u00e9e":"1 minute"},"schema":{"@context":"https:\/\/schema.org","@graph":[{"@type":"WebPage","@id":"https:\/\/www.zinasvillas.com\/fr\/vivez-plus-longtemps-a-zinas-villas\/","url":"https:\/\/www.zinasvillas.com\/fr\/vivez-plus-longtemps-a-zinas-villas\/","name":"Vivez plus longtemps \u00e0 Zinas Villas - Zinas Villas","isPartOf":{"@id":"https:\/\/www.zinasvillas.com\/fr\/#website"},"primaryImageOfPage":{"@id":"https:\/\/www.zinasvillas.com\/fr\/vivez-plus-longtemps-a-zinas-villas\/#primaryimage"},"image":{"@id":"https:\/\/www.zinasvillas.com\/fr\/vivez-plus-longtemps-a-zinas-villas\/#primaryimage"},"thumbnailUrl":"https:\/\/www.zinasvillas.com\/wp-content\/uploads\/2024\/11\/yoga.jpg","datePublished":"2024-12-05T18:41:27+00:00","dateModified":"2025-04-01T09:24:30+00:00","breadcrumb":{"@id":"https:\/\/www.zinasvillas.com\/fr\/vivez-plus-longtemps-a-zinas-villas\/#breadcrumb"},"inLanguage":"fr-FR","potentialAction":[{"@type":"ReadAction","target":["https:\/\/www.zinasvillas.com\/fr\/vivez-plus-longtemps-a-zinas-villas\/"]}]},{"@type":"ImageObject","inLanguage":"fr-FR","@id":"https:\/\/www.zinasvillas.com\/fr\/vivez-plus-longtemps-a-zinas-villas\/#primaryimage","url":"https:\/\/www.zinasvillas.com\/wp-content\/uploads\/2024\/11\/yoga.jpg","contentUrl":"https:\/\/www.zinasvillas.com\/wp-content\/uploads\/2024\/11\/yoga.jpg"},{"@type":"BreadcrumbList","@id":"https:\/\/www.zinasvillas.com\/fr\/vivez-plus-longtemps-a-zinas-villas\/#breadcrumb","itemListElement":[{"@type":"ListItem","position":1,"name":"Home","item":"https:\/\/www.zinasvillas.com\/fr\/"},{"@type":"ListItem","position":2,"name":"Vivez plus longtemps \u00e0 Zinas Villas"}]},{"@type":"WebSite","@id":"https:\/\/www.zinasvillas.com\/fr\/#website","url":"https:\/\/www.zinasvillas.com\/fr\/","name":"Zinas Villas","description":"Lifetime Experience","publisher":{"@id":"https:\/\/www.zinasvillas.com\/fr\/#organization"},"potentialAction":[{"@type":"SearchAction","target":{"@type":"EntryPoint","urlTemplate":"https:\/\/www.zinasvillas.com\/fr\/?s={search_term_string}"},"query-input":{"@type":"PropertyValueSpecification","valueRequired":true,"valueName":"search_term_string"}}],"inLanguage":"fr-FR"},{"@type":"Organization","@id":"https:\/\/www.zinasvillas.com\/fr\/#organization","name":"Zinas Villas","url":"https:\/\/www.zinasvillas.com\/fr\/","logo":{"@type":"ImageObject","inLanguage":"fr-FR","@id":"https:\/\/www.zinasvillas.com\/fr\/#\/schema\/logo\/image\/","url":"https:\/\/www.zinasvillas.com\/wp-content\/uploads\/2024\/11\/logozinasvillas.png","contentUrl":"https:\/\/www.zinasvillas.com\/wp-content\/uploads\/2024\/11\/logozinasvillas.png","width":322,"height":100,"caption":"Zinas Villas"},"image":{"@id":"https:\/\/www.zinasvillas.com\/fr\/#\/schema\/logo\/image\/"}}]}},"_links":{"self":[{"href":"https:\/\/www.zinasvillas.com\/fr\/wp-json\/wp\/v2\/pages\/6106","targetHints":{"allow":["GET"]}}],"collection":[{"href":"https:\/\/www.zinasvillas.com\/fr\/wp-json\/wp\/v2\/pages"}],"about":[{"href":"https:\/\/www.zinasvillas.com\/fr\/wp-json\/wp\/v2\/types\/page"}],"author":[{"embeddable":true,"href":"https:\/\/www.zinasvillas.com\/fr\/wp-json\/wp\/v2\/users\/1"}],"replies":[{"embeddable":true,"href":"https:\/\/www.zinasvillas.com\/fr\/wp-json\/wp\/v2\/comments?post=6106"}],"version-history":[{"count":1,"href":"https:\/\/www.zinasvillas.com\/fr\/wp-json\/wp\/v2\/pages\/6106\/revisions"}],"predecessor-version":[{"id":6108,"href":"https:\/\/www.zinasvillas.com\/fr\/wp-json\/wp\/v2\/pages\/6106\/revisions\/6108"}],"wp:attachment":[{"href":"https:\/\/www.zinasvillas.com\/fr\/wp-json\/wp\/v2\/media?parent=6106"}],"curies":[{"name":"wp","href":"https:\/\/api.w.org\/{rel}","templated":true}]}}